{"id":2213,"date":"2025-09-23T09:31:32","date_gmt":"2025-09-23T07:31:32","guid":{"rendered":"https:\/\/www.centromedicocatalunya.com\/equip-medic\/"},"modified":"2025-11-20T08:46:29","modified_gmt":"2025-11-20T07:46:29","slug":"equip-medic","status":"publish","type":"page","link":"https:\/\/www.centromedicocatalunya.com\/ca\/equip-medic\/","title":{"rendered":"Equip m\u00e8dic"},"content":{"rendered":"\t\t<div data-elementor-type=\"wp-page\" data-elementor-id=\"2213\" class=\"elementor elementor-2213 elementor-716\" data-elementor-post-type=\"page\">\n\t\t\t\t<div class=\"elementor-element elementor-element-7163811 e-flex e-con-boxed e-con e-parent\" data-id=\"7163811\" data-element_type=\"container\" data-e-type=\"container\" data-settings=\"{&quot;background_background&quot;:&quot;classic&quot;}\">\n\t\t\t\t\t<div class=\"e-con-inner\">\n\t\t<div class=\"elementor-element elementor-element-b04cfbd e-con-full e-flex e-con e-child\" data-id=\"b04cfbd\" data-element_type=\"container\" data-e-type=\"container\">\n\t\t\t\t<div class=\"elementor-element elementor-element-f202b86 elementor-widget elementor-widget-heading\" data-id=\"f202b86\" data-element_type=\"widget\" data-e-type=\"widget\" data-widget_type=\"heading.default\">\n\t\t\t\t<div class=\"elementor-widget-container\">\n\t\t\t\t\t<h1 class=\"elementor-heading-title elementor-size-default\">Especialitats m\u00e8diques al teu abast<\/h1>\t\t\t\t<\/div>\n\t\t\t\t<\/div>\n\t\t\t\t<\/div>\n\t\t\t\t\t<\/div>\n\t\t\t\t<\/div>\n\t\t<div class=\"elementor-element elementor-element-e5424f3 e-flex e-con-boxed e-con e-parent\" data-id=\"e5424f3\" data-element_type=\"container\" data-e-type=\"container\">\n\t\t\t\t\t<div class=\"e-con-inner\">\n\t\t<div class=\"elementor-element elementor-element-582b886 e-con-full e-flex e-con e-child\" data-id=\"582b886\" data-element_type=\"container\" data-e-type=\"container\" data-settings=\"{&quot;background_background&quot;:&quot;classic&quot;}\">\n\t\t<div class=\"elementor-element elementor-element-55483b3 e-con-full e-flex e-con e-child\" data-id=\"55483b3\" data-element_type=\"container\" data-e-type=\"container\">\n\t\t\t\t<div class=\"elementor-element elementor-element-10e003d elementor-widget elementor-widget-heading\" data-id=\"10e003d\" data-element_type=\"widget\" data-e-type=\"widget\" data-widget_type=\"heading.default\">\n\t\t\t\t<div class=\"elementor-widget-container\">\n\t\t\t\t\t<h2 class=\"elementor-heading-title elementor-size-default\">Buscar per especialitat<\/h2>\t\t\t\t<\/div>\n\t\t\t\t<\/div>\n\t\t\t\t<div class=\"elementor-element elementor-element-cfa7c52 elementor-widget__width-initial jet-smart-filter-content-position-column jet-smart-filter-group-position-column elementor-widget elementor-widget-jet-smart-filters-select\" data-id=\"cfa7c52\" data-element_type=\"widget\" data-e-type=\"widget\" data-widget_type=\"jet-smart-filters-select.default\">\n\t\t\t\t<div class=\"elementor-widget-container\">\n\t\t\t\t\t<div class=\"jet-smart-filters-select jet-filter \" data-indexer-rule=\"show\" data-show-counter=\"\" data-change-counter=\"always\"><div class=\"jet-select\" data-query-type=\"meta_query\" data-query-var=\"cpt_medicos_especialidad\" data-smart-filter=\"select\" data-filter-id=\"2280\" data-apply-type=\"ajax\" data-content-provider=\"epro-loop-builder\" data-additional-providers=\"\" data-query-id=\"medicos\" data-active-label=\"\" data-layout-options=\"{&quot;show_label&quot;:&quot;&quot;,&quot;display_options&quot;:{&quot;show_items_label&quot;:false,&quot;show_decorator&quot;:false,&quot;filter_image_size&quot;:&quot;full&quot;,&quot;show_counter&quot;:false}}\" data-query-var-suffix=\"is_custom_checkbox\" data-apply-on=\"submit\">\n\t\t\t\t<select\n\t\t\tclass=\"jet-select__control\"\n\t\t\tname=\"cpt_medicos_especialidad\"\n\t\t\t\t\t\taria-label=\"Especialitats m\u00e8dics\"\n\t\t>\n\t\t\n\t\t\t\t\t<option\n\t\t\t\tvalue=\"\"\n\t\t\t\tdata-label=\"Cerca per especialitat\"\n\t\t\t\tdata-counter-prefix=\"\"\n\t\t\t\tdata-counter-suffix=\"\"\n\t\t\t\t\t\t\t\t\t\t\t>Cerca per especialitat<\/option>\n\t\t\t\t\t\t<option\n\t\t\t\tvalue=\"2349\"\n\t\t\t\tdata-label=\"Mamografia\"\n\t\t\t\tdata-counter-prefix=\"\"\n\t\t\t\tdata-counter-suffix=\"\"\n\t\t\t\t\t\t\t\t\t\t\t>Mamografia<\/option>\n\t\t\t\t\t\t<option\n\t\t\t\tvalue=\"2351\"\n\t\t\t\tdata-label=\"Ecografia general\"\n\t\t\t\tdata-counter-prefix=\"\"\n\t\t\t\tdata-counter-suffix=\"\"\n\t\t\t\t\t\t\t\t\t\t\t>Ecografia general<\/option>\n\t\t\t\t\t\t<option\n\t\t\t\tvalue=\"2353\"\n\t\t\t\tdata-label=\"Ecografies ginecol\u00f2giques i obst\u00e8triques\"\n\t\t\t\tdata-counter-prefix=\"\"\n\t\t\t\tdata-counter-suffix=\"\"\n\t\t\t\t\t\t\t\t\t\t\t>Ecografies ginecol\u00f2giques i obst\u00e8triques<\/option>\n\t\t\t\t\t\t<option\n\t\t\t\tvalue=\"2354\"\n\t\t\t\tdata-label=\"Ortopant \/ telerradiografia\"\n\t\t\t\tdata-counter-prefix=\"\"\n\t\t\t\tdata-counter-suffix=\"\"\n\t\t\t\t\t\t\t\t\t\t\t>Ortopant \/ telerradiografia<\/option>\n\t\t\t\t\t\t<option\n\t\t\t\tvalue=\"2358\"\n\t\t\t\tdata-label=\"Escola maternal (classes prepart)\"\n\t\t\t\tdata-counter-prefix=\"\"\n\t\t\t\tdata-counter-suffix=\"\"\n\t\t\t\t\t\t\t\t\t\t\t>Escola maternal (classes prepart)<\/option>\n\t\t\t\t\t\t<option\n\t\t\t\tvalue=\"2356\"\n\t\t\t\tdata-label=\"Fisioter\u00e0pia i rehabilitaci\u00f3\"\n\t\t\t\tdata-counter-prefix=\"\"\n\t\t\t\tdata-counter-suffix=\"\"\n\t\t\t\t\t\t\t\t\t\t\t>Fisioter\u00e0pia i rehabilitaci\u00f3<\/option>\n\t\t\t\t\t\t<option\n\t\t\t\tvalue=\"2361\"\n\t\t\t\tdata-label=\"Proctologia\"\n\t\t\t\tdata-counter-prefix=\"\"\n\t\t\t\tdata-counter-suffix=\"\"\n\t\t\t\t\t\t\t\t\t\t\t>Proctologia<\/option>\n\t\t\t\t\t\t<option\n\t\t\t\tvalue=\"2359\"\n\t\t\t\tdata-label=\"Urologia i nefrologia\"\n\t\t\t\tdata-counter-prefix=\"\"\n\t\t\t\tdata-counter-suffix=\"\"\n\t\t\t\t\t\t\t\t\t\t\t>Urologia i nefrologia<\/option>\n\t\t\t\t\t\t<option\n\t\t\t\tvalue=\"2363\"\n\t\t\t\tdata-label=\"Traumatologia i cirurgia ortop\u00e8dica\"\n\t\t\t\tdata-counter-prefix=\"\"\n\t\t\t\tdata-counter-suffix=\"\"\n\t\t\t\t\t\t\t\t\t\t\t>Traumatologia i cirurgia ortop\u00e8dica<\/option>\n\t\t\t\t\t\t<option\n\t\t\t\tvalue=\"2365\"\n\t\t\t\tdata-label=\"Reconeixements m\u00e8dics\"\n\t\t\t\tdata-counter-prefix=\"\"\n\t\t\t\tdata-counter-suffix=\"\"\n\t\t\t\t\t\t\t\t\t\t\t>Reconeixements m\u00e8dics<\/option>\n\t\t\t\t\t\t<option\n\t\t\t\tvalue=\"2369\"\n\t\t\t\tdata-label=\"Otorinolaringologia\"\n\t\t\t\tdata-counter-prefix=\"\"\n\t\t\t\tdata-counter-suffix=\"\"\n\t\t\t\t\t\t\t\t\t\t\t>Otorinolaringologia<\/option>\n\t\t\t\t\t\t<option\n\t\t\t\tvalue=\"2371\"\n\t\t\t\tdata-label=\"Pr\u00f2tesi dental\"\n\t\t\t\tdata-counter-prefix=\"\"\n\t\t\t\tdata-counter-suffix=\"\"\n\t\t\t\t\t\t\t\t\t\t\t>Pr\u00f2tesi dental<\/option>\n\t\t\t\t\t\t<option\n\t\t\t\tvalue=\"2377\"\n\t\t\t\tdata-label=\"Cirurgia Vascular i Angiologia\"\n\t\t\t\tdata-counter-prefix=\"\"\n\t\t\t\tdata-counter-suffix=\"\"\n\t\t\t\t\t\t\t\t\t\t\t>Cirurgia Vascular i Angiologia<\/option>\n\t\t\t<\/select>\n\t<\/div>\n<\/div>\t\t\t\t<\/div>\n\t\t\t\t<\/div>\n\t\t\t\t<\/div>\n\t\t<div class=\"elementor-element elementor-element-a807a60 e-con-full e-flex e-con e-child\" data-id=\"a807a60\" data-element_type=\"container\" data-e-type=\"container\">\n\t\t\t\t<div class=\"elementor-element elementor-element-5f90d43 elementor-widget elementor-widget-heading\" data-id=\"5f90d43\" data-element_type=\"widget\" data-e-type=\"widget\" data-widget_type=\"heading.default\">\n\t\t\t\t<div class=\"elementor-widget-container\">\n\t\t\t\t\t<h2 class=\"elementor-heading-title elementor-size-default\">Buscar per centre<\/h2>\t\t\t\t<\/div>\n\t\t\t\t<\/div>\n\t\t\t\t<div class=\"elementor-element elementor-element-4428f24 elementor-widget__width-initial jet-smart-filter-content-position-column jet-smart-filter-group-position-column elementor-widget elementor-widget-jet-smart-filters-select\" data-id=\"4428f24\" data-element_type=\"widget\" data-e-type=\"widget\" data-widget_type=\"jet-smart-filters-select.default\">\n\t\t\t\t<div class=\"elementor-widget-container\">\n\t\t\t\t\t<div class=\"jet-smart-filters-select jet-filter \" data-indexer-rule=\"show\" data-show-counter=\"\" data-change-counter=\"always\"><div class=\"jet-select\" data-query-type=\"meta_query\" data-query-var=\"cpt_medicos_centros\" data-smart-filter=\"select\" data-filter-id=\"2282\" data-apply-type=\"ajax\" data-content-provider=\"epro-loop-builder\" data-additional-providers=\"\" data-query-id=\"medicos\" data-active-label=\"\" data-layout-options=\"{&quot;show_label&quot;:&quot;&quot;,&quot;display_options&quot;:{&quot;show_items_label&quot;:false,&quot;show_decorator&quot;:false,&quot;filter_image_size&quot;:&quot;full&quot;,&quot;show_counter&quot;:false}}\" data-query-var-suffix=\"is_custom_checkbox\" data-apply-on=\"submit\">\n\t\t\t\t<select\n\t\t\tclass=\"jet-select__control\"\n\t\t\tname=\"cpt_medicos_centros\"\n\t\t\t\t\t\taria-label=\"metges_centres\"\n\t\t>\n\t\t\n\t\t\t\t\t<option\n\t\t\t\tvalue=\"\"\n\t\t\t\tdata-label=\"cerca per centre\"\n\t\t\t\tdata-counter-prefix=\"\"\n\t\t\t\tdata-counter-suffix=\"\"\n\t\t\t\t\t\t\t\t\t\t\t>cerca per centre<\/option>\n\t\t\t\t\t\t<option\n\t\t\t\tvalue=\"2396\"\n\t\t\t\tdata-label=\"Centre Av. Francesc Maci\u00e0\"\n\t\t\t\tdata-counter-prefix=\"\"\n\t\t\t\tdata-counter-suffix=\"\"\n\t\t\t\t\t\t\t\t\t\t\t>Centre Av. Francesc Maci\u00e0<\/option>\n\t\t\t\t\t\t<option\n\t\t\t\tvalue=\"2394\"\n\t\t\t\tdata-label=\"Centre Pla\u00e7a Olimp\"\n\t\t\t\tdata-counter-prefix=\"\"\n\t\t\t\tdata-counter-suffix=\"\"\n\t\t\t\t\t\t\t\t\t\t\t>Centre Pla\u00e7a Olimp<\/option>\n\t\t\t<\/select>\n\t<\/div>\n<\/div>\t\t\t\t<\/div>\n\t\t\t\t<\/div>\n\t\t\t\t<\/div>\n\t\t<div class=\"elementor-element elementor-element-1b1f1bf e-con-full e-flex e-con e-child\" data-id=\"1b1f1bf\" data-element_type=\"container\" data-e-type=\"container\">\n\t\t\t\t<div class=\"elementor-element elementor-element-3789182 elementor-widget elementor-widget-jet-smart-filters-apply-button\" data-id=\"3789182\" data-element_type=\"widget\" data-e-type=\"widget\" data-widget_type=\"jet-smart-filters-apply-button.default\">\n\t\t\t\t<div class=\"elementor-widget-container\">\n\t\t\t\t\t<div class=\"jet-smart-filters-apply-button jet-filter\"><div class=\"apply-filters\"  data-content-provider=\"epro-loop-builder\" data-query-id=\"medicos\" data-additional-providers=\"\" data-apply-type=\"ajax\" data-redirect=\"\">\n\t<button\n\t\ttype=\"button\"\n\t\tclass=\"apply-filters__button\"\n\t\t\t\t\t>Buscar<\/button>\n<\/div><\/div>\t\t\t\t<\/div>\n\t\t\t\t<\/div>\n\t\t\t\t<\/div>\n\t\t\t\t<\/div>\n\t\t\t\t\t<\/div>\n\t\t\t\t<\/div>\n\t\t<div class=\"elementor-element elementor-element-81b4ead e-flex e-con-boxed e-con e-parent\" data-id=\"81b4ead\" data-element_type=\"container\" data-e-type=\"container\">\n\t\t\t\t\t<div class=\"e-con-inner\">\n\t\t\t\t<div class=\"elementor-element elementor-element-1593ad9 elementor-grid-3 elementor-grid-tablet-2 elementor-grid-mobile-1 elementor-widget elementor-widget-loop-grid\" data-id=\"1593ad9\" data-element_type=\"widget\" data-e-type=\"widget\" id=\"medicos\" data-settings=\"{&quot;template_id&quot;:2248,&quot;_skin&quot;:&quot;post&quot;,&quot;columns&quot;:&quot;3&quot;,&quot;columns_tablet&quot;:&quot;2&quot;,&quot;columns_mobile&quot;:&quot;1&quot;,&quot;edit_handle_selector&quot;:&quot;[data-elementor-type=\\&quot;loop-item\\&quot;]&quot;,&quot;row_gap&quot;:{&quot;unit&quot;:&quot;px&quot;,&quot;size&quot;:&quot;&quot;,&quot;sizes&quot;:[]},&quot;row_gap_tablet&quot;:{&quot;unit&quot;:&quot;px&quot;,&quot;size&quot;:&quot;&quot;,&quot;sizes&quot;:[]},&quot;row_gap_mobile&quot;:{&quot;unit&quot;:&quot;px&quot;,&quot;size&quot;:&quot;&quot;,&quot;sizes&quot;:[]}}\" data-widget_type=\"loop-grid.post\">\n\t\t\t\t<div class=\"elementor-widget-container\">\n\t\t\t\t\t<div class=\"elementor-loop-container\"><div class=\"jet-smart-filters-elementor-loop-no-result\">Sorry, nothing to see here...<\/div><\/div>\t\t<div class=\"e-loop-nothing-found-message\">\n\t\t<\/div>\n\t\t\t\t\t\t<\/div>\n\t\t\t\t<\/div>\n\t\t\t\t<div class=\"elementor-element elementor-element-c1aa08a pagination elementor-widget elementor-widget-jet-smart-filters-pagination\" data-id=\"c1aa08a\" data-element_type=\"widget\" data-e-type=\"widget\" data-widget_type=\"jet-smart-filters-pagination.default\">\n\t\t\t\t<div class=\"elementor-widget-container\">\n\t\t\t\t\t<div\n\t\t\t\tclass=\"jet-smart-filters-pagination jet-filter\"\n\t\t\t\tdata-apply-provider=\"epro-loop-builder\"\n\t\t\t\tdata-content-provider=\"epro-loop-builder\"\n\t\t\t\tdata-query-id=\"default\"\n\t\t\t\tdata-controls=\"{&quot;items_enabled&quot;:true,&quot;pages_mid_size&quot;:2,&quot;pages_end_size&quot;:0,&quot;nav_enabled&quot;:true,&quot;prev&quot;:&quot;Anterior&quot;,&quot;next&quot;:&quot;Siguiente&quot;,&quot;hide_inactive_nav&quot;:false,&quot;load_more_enabled&quot;:false,&quot;provider_top_offset&quot;:0}\"\n\t\t\t\tdata-apply-type=\"ajax\"\n\t\t\t><\/div>\t\t\t\t<\/div>\n\t\t\t\t<\/div>\n\t\t\t\t\t<\/div>\n\t\t\t\t<\/div>\n\t\t\t\t<\/div>\n\t\t","protected":false},"excerpt":{"rendered":"<p>Especialitats m\u00e8diques al teu abast Buscar per especialitat Busca por especialidadMamograf\u00edaEcograf\u00eda generalEcograf\u00edas ginecol\u00f3gicas y obst\u00e9tricasOrtopanto \/ telerradiograf\u00edaEscuela maternal (clases preparto)Fisioterapia y rehabilitaci\u00f3nProctolog\u00edaUrolog\u00eda y nefrolog\u00edaTraumatolog\u00eda y cirug\u00eda ortop\u00e9dicaReconocimientos m\u00e9dicosOtorrinolaringolog\u00edaPr\u00f3tesis dentalEst\u00e9tica dental y facialATM ( Articulaci\u00f3n TemporomandibularCirug\u00eda Vascular y Angiolog\u00edaServicio de Podolog\u00edaAccidentes de tr\u00e1ficoCirug\u00eda maxilofacialCirug\u00eda general y digestivaCard\u00edolog\u00eda y ecocardiogramasCampimetr\u00edas, retinograf\u00edas y paquimetr\u00edasAparato digestivoAnatom\u00eda patol\u00f3gicaAn\u00e1lisis cl\u00ednicosAlergolog\u00edaFisioterapiaDermatolog\u00edaNeurolog\u00eda Buscar [&hellip;]<\/p>\n","protected":false},"author":3,"featured_media":0,"parent":0,"menu_order":0,"comment_status":"closed","ping_status":"closed","template":"","meta":{"_acf_changed":false,"inline_featured_image":false,"footnotes":""},"tags":[],"class_list":["post-2213","page","type-page","status-publish","hentry"],"acf":[],"yoast_head":"<!-- This site is optimized with the Yoast SEO plugin v27.4 - https:\/\/yoast.com\/product\/yoast-seo-wordpress\/ -->\n<title>\u25b7Equip m\u00e8dic  \u3010 Centre M\u00e8dic Catalunya \u3011<\/title>\n<meta name=\"description\" content=\"Especialitats m\u00e8diques al teu abast Buscar per especialitat Busca por especialidad Mamograf\u00eda Ecograf\u00eda general Ecograf\u00edas ginecol\u00f3gicas y obst\u00e9tricas \u2713\" \/>\n<meta name=\"robots\" content=\"index, follow, max-snippet:-1, max-image-preview:large, max-video-preview:-1\" \/>\n<link rel=\"canonical\" href=\"https:\/\/www.centromedicocatalunya.com\/ca\/equip-medic\/\" \/>\n<meta property=\"og:locale\" content=\"ca_ES\" \/>\n<meta property=\"og:type\" content=\"article\" \/>\n<meta property=\"og:title\" content=\"\u25b7Equip m\u00e8dic  \u3010 Centre M\u00e8dic Catalunya \u3011\" \/>\n<meta property=\"og:description\" content=\"Especialitats m\u00e8diques al teu abast Buscar per especialitat Busca por especialidad Mamograf\u00eda Ecograf\u00eda general Ecograf\u00edas ginecol\u00f3gicas y obst\u00e9tricas \u2713\" \/>\n<meta property=\"og:url\" content=\"https:\/\/www.centromedicocatalunya.com\/ca\/equip-medic\/\" \/>\n<meta property=\"og:site_name\" content=\"Centre M\u00e8dic Catalunya\" \/>\n<meta property=\"article:modified_time\" content=\"2025-11-20T07:46:29+00:00\" \/>\n<meta name=\"twitter:card\" content=\"summary_large_image\" \/>\n<meta name=\"twitter:label1\" content=\"Temps estimat de lectura\" \/>\n\t<meta name=\"twitter:data1\" content=\"1 minut\" \/>\n<script type=\"application\/ld+json\" class=\"yoast-schema-graph\">{\"@context\":\"https:\\\/\\\/schema.org\",\"@graph\":[{\"@type\":\"WebPage\",\"@id\":\"https:\\\/\\\/www.centromedicocatalunya.com\\\/ca\\\/equip-medic\\\/\",\"url\":\"https:\\\/\\\/www.centromedicocatalunya.com\\\/ca\\\/equip-medic\\\/\",\"name\":\"\u25b7Equip m\u00e8dic \u3010 Centre M\u00e8dic Catalunya \u3011\",\"isPartOf\":{\"@id\":\"https:\\\/\\\/www.centromedicocatalunya.com\\\/#website\"},\"datePublished\":\"2025-09-23T07:31:32+00:00\",\"dateModified\":\"2025-11-20T07:46:29+00:00\",\"description\":\"Especialitats m\u00e8diques al teu abast Buscar per especialitat Busca por especialidad Mamograf\u00eda Ecograf\u00eda general Ecograf\u00edas ginecol\u00f3gicas y obst\u00e9tricas \u2713\",\"breadcrumb\":{\"@id\":\"https:\\\/\\\/www.centromedicocatalunya.com\\\/ca\\\/equip-medic\\\/#breadcrumb\"},\"inLanguage\":\"ca\",\"potentialAction\":[{\"@type\":\"ReadAction\",\"target\":[\"https:\\\/\\\/www.centromedicocatalunya.com\\\/ca\\\/equip-medic\\\/\"]}]},{\"@type\":\"BreadcrumbList\",\"@id\":\"https:\\\/\\\/www.centromedicocatalunya.com\\\/ca\\\/equip-medic\\\/#breadcrumb\",\"itemListElement\":[{\"@type\":\"ListItem\",\"position\":1,\"name\":\"Portada\",\"item\":\"https:\\\/\\\/www.centromedicocatalunya.com\\\/ca\\\/home\\\/\"},{\"@type\":\"ListItem\",\"position\":2,\"name\":\"Equip m\u00e8dic\"}]},{\"@type\":\"WebSite\",\"@id\":\"https:\\\/\\\/www.centromedicocatalunya.com\\\/#website\",\"url\":\"https:\\\/\\\/www.centromedicocatalunya.com\\\/\",\"name\":\"Centre M\u00e8dic Catalunya\",\"description\":\"Atenci\u00f3 Sanit\u00e0ria Personalitzada \u00b7 Medicina Privada i Concertada\",\"potentialAction\":[{\"@type\":\"SearchAction\",\"target\":{\"@type\":\"EntryPoint\",\"urlTemplate\":\"https:\\\/\\\/www.centromedicocatalunya.com\\\/?s={search_term_string}\"},\"query-input\":{\"@type\":\"PropertyValueSpecification\",\"valueRequired\":true,\"valueName\":\"search_term_string\"}}],\"inLanguage\":\"ca\"}]}<\/script>\n<!-- \/ Yoast SEO plugin. -->","yoast_head_json":{"title":"\u25b7Equip m\u00e8dic  \u3010 Centre M\u00e8dic Catalunya \u3011","description":"Especialitats m\u00e8diques al teu abast Buscar per especialitat Busca por especialidad Mamograf\u00eda Ecograf\u00eda general Ecograf\u00edas ginecol\u00f3gicas y obst\u00e9tricas \u2713","robots":{"index":"index","follow":"follow","max-snippet":"max-snippet:-1","max-image-preview":"max-image-preview:large","max-video-preview":"max-video-preview:-1"},"canonical":"https:\/\/www.centromedicocatalunya.com\/ca\/equip-medic\/","og_locale":"ca_ES","og_type":"article","og_title":"\u25b7Equip m\u00e8dic  \u3010 Centre M\u00e8dic Catalunya \u3011","og_description":"Especialitats m\u00e8diques al teu abast Buscar per especialitat Busca por especialidad Mamograf\u00eda Ecograf\u00eda general Ecograf\u00edas ginecol\u00f3gicas y obst\u00e9tricas \u2713","og_url":"https:\/\/www.centromedicocatalunya.com\/ca\/equip-medic\/","og_site_name":"Centre M\u00e8dic Catalunya","article_modified_time":"2025-11-20T07:46:29+00:00","twitter_card":"summary_large_image","twitter_misc":{"Temps estimat de lectura":"1 minut"},"schema":{"@context":"https:\/\/schema.org","@graph":[{"@type":"WebPage","@id":"https:\/\/www.centromedicocatalunya.com\/ca\/equip-medic\/","url":"https:\/\/www.centromedicocatalunya.com\/ca\/equip-medic\/","name":"\u25b7Equip m\u00e8dic \u3010 Centre M\u00e8dic Catalunya \u3011","isPartOf":{"@id":"https:\/\/www.centromedicocatalunya.com\/#website"},"datePublished":"2025-09-23T07:31:32+00:00","dateModified":"2025-11-20T07:46:29+00:00","description":"Especialitats m\u00e8diques al teu abast Buscar per especialitat Busca por especialidad Mamograf\u00eda Ecograf\u00eda general Ecograf\u00edas ginecol\u00f3gicas y obst\u00e9tricas \u2713","breadcrumb":{"@id":"https:\/\/www.centromedicocatalunya.com\/ca\/equip-medic\/#breadcrumb"},"inLanguage":"ca","potentialAction":[{"@type":"ReadAction","target":["https:\/\/www.centromedicocatalunya.com\/ca\/equip-medic\/"]}]},{"@type":"BreadcrumbList","@id":"https:\/\/www.centromedicocatalunya.com\/ca\/equip-medic\/#breadcrumb","itemListElement":[{"@type":"ListItem","position":1,"name":"Portada","item":"https:\/\/www.centromedicocatalunya.com\/ca\/home\/"},{"@type":"ListItem","position":2,"name":"Equip m\u00e8dic"}]},{"@type":"WebSite","@id":"https:\/\/www.centromedicocatalunya.com\/#website","url":"https:\/\/www.centromedicocatalunya.com\/","name":"Centre M\u00e8dic Catalunya","description":"Atenci\u00f3 Sanit\u00e0ria Personalitzada \u00b7 Medicina Privada i Concertada","potentialAction":[{"@type":"SearchAction","target":{"@type":"EntryPoint","urlTemplate":"https:\/\/www.centromedicocatalunya.com\/?s={search_term_string}"},"query-input":{"@type":"PropertyValueSpecification","valueRequired":true,"valueName":"search_term_string"}}],"inLanguage":"ca"}]}},"_links":{"self":[{"href":"https:\/\/www.centromedicocatalunya.com\/ca\/wp-json\/wp\/v2\/pages\/2213","targetHints":{"allow":["GET"]}}],"collection":[{"href":"https:\/\/www.centromedicocatalunya.com\/ca\/wp-json\/wp\/v2\/pages"}],"about":[{"href":"https:\/\/www.centromedicocatalunya.com\/ca\/wp-json\/wp\/v2\/types\/page"}],"author":[{"embeddable":true,"href":"https:\/\/www.centromedicocatalunya.com\/ca\/wp-json\/wp\/v2\/users\/3"}],"replies":[{"embeddable":true,"href":"https:\/\/www.centromedicocatalunya.com\/ca\/wp-json\/wp\/v2\/comments?post=2213"}],"version-history":[{"count":1,"href":"https:\/\/www.centromedicocatalunya.com\/ca\/wp-json\/wp\/v2\/pages\/2213\/revisions"}],"predecessor-version":[{"id":2218,"href":"https:\/\/www.centromedicocatalunya.com\/ca\/wp-json\/wp\/v2\/pages\/2213\/revisions\/2218"}],"wp:attachment":[{"href":"https:\/\/www.centromedicocatalunya.com\/ca\/wp-json\/wp\/v2\/media?parent=2213"}],"wp:term":[{"taxonomy":"post_tag","embeddable":true,"href":"https:\/\/www.centromedicocatalunya.com\/ca\/wp-json\/wp\/v2\/tags?post=2213"}],"curies":[{"name":"wp","href":"https:\/\/api.w.org\/{rel}","templated":true}]}}