{"id":2230,"date":"2023-06-16T15:36:36","date_gmt":"2023-06-16T13:36:36","guid":{"rendered":"https:\/\/www.centromedicocatalunya.com\/mapa-web\/"},"modified":"2025-11-20T08:46:32","modified_gmt":"2025-11-20T07:46:32","slug":"mapa-web","status":"publish","type":"page","link":"https:\/\/www.centromedicocatalunya.com\/ca\/mapa-web\/","title":{"rendered":"Mapa web"},"content":{"rendered":"\t\t<div data-elementor-type=\"wp-page\" data-elementor-id=\"2230\" class=\"elementor elementor-2230 elementor-323\" data-elementor-post-type=\"page\">\n\t\t\t\t\t\t<section class=\"elementor-section elementor-top-section elementor-element elementor-element-98e1df3 elementor-section-boxed elementor-section-height-default elementor-section-height-default\" data-id=\"98e1df3\" data-element_type=\"section\" data-e-type=\"section\">\n\t\t\t\t\t\t<div class=\"elementor-container elementor-column-gap-default\">\n\t\t\t\t\t<div class=\"elementor-column elementor-col-100 elementor-top-column elementor-element elementor-element-f27ba1f\" data-id=\"f27ba1f\" data-element_type=\"column\" data-e-type=\"column\">\n\t\t\t<div class=\"elementor-widget-wrap elementor-element-populated\">\n\t\t\t\t\t\t<div class=\"elementor-element elementor-element-0950815 elementor-widget elementor-widget-sitemap\" data-id=\"0950815\" data-element_type=\"widget\" data-e-type=\"widget\" data-widget_type=\"sitemap.default\">\n\t\t\t\t<div class=\"elementor-widget-container\">\n\t\t\t\t\t<div class=\"elementor-sitemap-wrap\"><div class=\"elementor-sitemap-section\"><h2 class=\"elementor-sitemap-title elementor-sitemap-page-title\">P\u00e0gines<\/h2><ul class=\"elementor-sitemap-list elementor-sitemap-page-list\"><li class=\"elementor-sitemap-item elementor-sitemap-item-page page_item page-item-2186\"><a href=\"https:\/\/www.centromedicocatalunya.com\/ca\/botiga\/\">Botiga<\/a><\/li><li class=\"elementor-sitemap-item elementor-sitemap-item-page page_item page-item-2199\"><a href=\"https:\/\/www.centromedicocatalunya.com\/ca\/finalitzar-compra\/\">Finalitzar compra<\/a><\/li><li class=\"elementor-sitemap-item elementor-sitemap-item-page page_item page-item-2187\"><a href=\"https:\/\/www.centromedicocatalunya.com\/ca\/el-meu-compte\/\">El meu compte<\/a><\/li><li class=\"elementor-sitemap-item elementor-sitemap-item-page page_item page-item-2184\"><a href=\"https:\/\/www.centromedicocatalunya.com\/ca\/cistella\/\">Cistella<\/a><\/li><li class=\"elementor-sitemap-item elementor-sitemap-item-page page_item page-item-2193\"><a href=\"https:\/\/www.centromedicocatalunya.com\/ca\/unitats-especialitats\/\">Unitats especialitats<\/a><\/li><li class=\"elementor-sitemap-item elementor-sitemap-item-page page_item page-item-2209\"><a href=\"https:\/\/www.centromedicocatalunya.com\/ca\/analisi-clinics\/\">An\u00e0lisi cl\u00ednics<\/a><\/li><li class=\"elementor-sitemap-item elementor-sitemap-item-page page_item page-item-2208\"><a href=\"https:\/\/www.centromedicocatalunya.com\/ca\/preguntes-frequents\/\">Preguntes freq\u00fcents<\/a><\/li><li class=\"elementor-sitemap-item elementor-sitemap-item-page page_item page-item-2219\"><a href=\"https:\/\/www.centromedicocatalunya.com\/ca\/qui-som\/\">Qui som<\/a><\/li><li class=\"elementor-sitemap-item elementor-sitemap-item-page page_item page-item-2217\"><a href=\"https:\/\/www.centromedicocatalunya.com\/ca\/test\/\">Test<\/a><\/li><li class=\"elementor-sitemap-item elementor-sitemap-item-page page_item page-item-2225\"><a href=\"https:\/\/www.centromedicocatalunya.com\/ca\/blog\/\">Blog<\/a><\/li><li class=\"elementor-sitemap-item elementor-sitemap-item-page page_item page-item-2222\"><a href=\"https:\/\/www.centromedicocatalunya.com\/ca\/horaris-i-seus\/\">Horaris i seus<\/a><\/li><li class=\"elementor-sitemap-item elementor-sitemap-item-page page_item page-item-2224\"><a href=\"https:\/\/www.centromedicocatalunya.com\/ca\/nosaltres\/\">Nosaltres<\/a><\/li><li class=\"elementor-sitemap-item elementor-sitemap-item-page page_item page-item-2213\"><a href=\"https:\/\/www.centromedicocatalunya.com\/ca\/equip-medic\/\">Equip m\u00e8dic<\/a><\/li><li class=\"elementor-sitemap-item elementor-sitemap-item-page page_item page-item-2214\"><a href=\"https:\/\/www.centromedicocatalunya.com\/ca\/asseguradores\/\">Asseguradores<\/a><\/li><li class=\"elementor-sitemap-item elementor-sitemap-item-page page_item page-item-2226\"><a href=\"https:\/\/www.centromedicocatalunya.com\/ca\/especialitats\/\">Especialitats<\/a><\/li><li class=\"elementor-sitemap-item elementor-sitemap-item-page page_item page-item-2231\"><a href=\"https:\/\/www.centromedicocatalunya.com\/ca\/politica-daccessibilitat\/\">Pol\u00edtica daccessibilitat<\/a><\/li><li class=\"elementor-sitemap-item elementor-sitemap-item-page page_item page-item-2230\"><a href=\"https:\/\/www.centromedicocatalunya.com\/ca\/mapa-web\/\">Mapa web<\/a><\/li><li class=\"elementor-sitemap-item elementor-sitemap-item-page page_item page-item-2236\"><a href=\"https:\/\/www.centromedicocatalunya.com\/ca\/\">Home<\/a><\/li><li class=\"elementor-sitemap-item elementor-sitemap-item-page page_item page-item-2238\"><a href=\"https:\/\/www.centromedicocatalunya.com\/ca\/politica-de-cookies\/\">Pol\u00edtica de cookies<\/a><\/li><li class=\"elementor-sitemap-item elementor-sitemap-item-page page_item page-item-2292\"><a href=\"https:\/\/www.centromedicocatalunya.com\/ca\/avis-legal\/\">Av\u00eds Legal<\/a><\/li><li class=\"elementor-sitemap-item elementor-sitemap-item-page page_item page-item-2283\"><a href=\"https:\/\/www.centromedicocatalunya.com\/ca\/politica-de-privadesa\/\">Pol\u00edtica de privadesa<\/a><\/li><\/ul><\/div><div class=\"elementor-sitemap-section\"><h2 class=\"elementor-sitemap-title elementor-sitemap-category-title\">Categories<\/h2><ul class=\"elementor-sitemap-list elementor-sitemap-category-list\">\t<li class=\"elementor-sitemap-item elementor-sitemap-item-category cat-item cat-item-1\"><a href=\"https:\/\/www.centromedicocatalunya.com\/ca\/category\/noticies\/\">Not\u00edcies<\/a>\n<\/li>\n<\/ul><\/div><\/div>\t\t\t\t<\/div>\n\t\t\t\t<\/div>\n\t\t\t\t\t<\/div>\n\t\t<\/div>\n\t\t\t\t\t<\/div>\n\t\t<\/section>\n\t\t\t\t<\/div>\n\t\t","protected":false},"excerpt":{"rendered":"","protected":false},"author":3,"featured_media":0,"parent":0,"menu_order":0,"comment_status":"closed","ping_status":"closed","template":"","meta":{"_acf_changed":false,"inline_featured_image":false,"footnotes":""},"tags":[],"class_list":["post-2230","page","type-page","status-publish","hentry"],"acf":[],"yoast_head":"<!-- This site is optimized with the Yoast SEO plugin v27.4 - https:\/\/yoast.com\/product\/yoast-seo-wordpress\/ -->\n<title>\u25b7Mapa web  \u3010 Centre M\u00e8dic Catalunya \u3011<\/title>\n<meta name=\"description\" content=\"\u2713\" \/>\n<meta name=\"robots\" content=\"noindex, nofollow\" \/>\n<meta property=\"og:locale\" content=\"ca_ES\" \/>\n<meta property=\"og:type\" content=\"article\" \/>\n<meta property=\"og:title\" content=\"\u25b7Mapa web  \u3010 Centre M\u00e8dic Catalunya \u3011\" \/>\n<meta property=\"og:description\" content=\"\u2713\" \/>\n<meta property=\"og:url\" content=\"https:\/\/www.centromedicocatalunya.com\/ca\/mapa-web\/\" \/>\n<meta property=\"og:site_name\" content=\"Centre M\u00e8dic Catalunya\" \/>\n<meta property=\"article:modified_time\" content=\"2025-11-20T07:46:32+00:00\" \/>\n<meta name=\"twitter:card\" content=\"summary_large_image\" \/>\n<script type=\"application\/ld+json\" class=\"yoast-schema-graph\">{\"@context\":\"https:\\\/\\\/schema.org\",\"@graph\":[{\"@type\":\"WebPage\",\"@id\":\"https:\\\/\\\/www.centromedicocatalunya.com\\\/ca\\\/mapa-web\\\/\",\"url\":\"https:\\\/\\\/www.centromedicocatalunya.com\\\/ca\\\/mapa-web\\\/\",\"name\":\"\u25b7Mapa web \u3010 Centre M\u00e8dic Catalunya \u3011\",\"isPartOf\":{\"@id\":\"https:\\\/\\\/www.centromedicocatalunya.com\\\/#website\"},\"datePublished\":\"2023-06-16T13:36:36+00:00\",\"dateModified\":\"2025-11-20T07:46:32+00:00\",\"description\":\"\u2713\",\"breadcrumb\":{\"@id\":\"https:\\\/\\\/www.centromedicocatalunya.com\\\/ca\\\/mapa-web\\\/#breadcrumb\"},\"inLanguage\":\"ca\",\"potentialAction\":[{\"@type\":\"ReadAction\",\"target\":[\"https:\\\/\\\/www.centromedicocatalunya.com\\\/ca\\\/mapa-web\\\/\"]}]},{\"@type\":\"BreadcrumbList\",\"@id\":\"https:\\\/\\\/www.centromedicocatalunya.com\\\/ca\\\/mapa-web\\\/#breadcrumb\",\"itemListElement\":[{\"@type\":\"ListItem\",\"position\":1,\"name\":\"Portada\",\"item\":\"https:\\\/\\\/www.centromedicocatalunya.com\\\/ca\\\/home\\\/\"},{\"@type\":\"ListItem\",\"position\":2,\"name\":\"Mapa web\"}]},{\"@type\":\"WebSite\",\"@id\":\"https:\\\/\\\/www.centromedicocatalunya.com\\\/#website\",\"url\":\"https:\\\/\\\/www.centromedicocatalunya.com\\\/\",\"name\":\"Centre M\u00e8dic Catalunya\",\"description\":\"Atenci\u00f3 Sanit\u00e0ria Personalitzada \u00b7 Medicina Privada i Concertada\",\"potentialAction\":[{\"@type\":\"SearchAction\",\"target\":{\"@type\":\"EntryPoint\",\"urlTemplate\":\"https:\\\/\\\/www.centromedicocatalunya.com\\\/?s={search_term_string}\"},\"query-input\":{\"@type\":\"PropertyValueSpecification\",\"valueRequired\":true,\"valueName\":\"search_term_string\"}}],\"inLanguage\":\"ca\"}]}<\/script>\n<!-- \/ Yoast SEO plugin. -->","yoast_head_json":{"title":"\u25b7Mapa web  \u3010 Centre M\u00e8dic Catalunya \u3011","description":"\u2713","robots":{"index":"noindex","follow":"nofollow"},"og_locale":"ca_ES","og_type":"article","og_title":"\u25b7Mapa web  \u3010 Centre M\u00e8dic Catalunya \u3011","og_description":"\u2713","og_url":"https:\/\/www.centromedicocatalunya.com\/ca\/mapa-web\/","og_site_name":"Centre M\u00e8dic Catalunya","article_modified_time":"2025-11-20T07:46:32+00:00","twitter_card":"summary_large_image","schema":{"@context":"https:\/\/schema.org","@graph":[{"@type":"WebPage","@id":"https:\/\/www.centromedicocatalunya.com\/ca\/mapa-web\/","url":"https:\/\/www.centromedicocatalunya.com\/ca\/mapa-web\/","name":"\u25b7Mapa web \u3010 Centre M\u00e8dic Catalunya \u3011","isPartOf":{"@id":"https:\/\/www.centromedicocatalunya.com\/#website"},"datePublished":"2023-06-16T13:36:36+00:00","dateModified":"2025-11-20T07:46:32+00:00","description":"\u2713","breadcrumb":{"@id":"https:\/\/www.centromedicocatalunya.com\/ca\/mapa-web\/#breadcrumb"},"inLanguage":"ca","potentialAction":[{"@type":"ReadAction","target":["https:\/\/www.centromedicocatalunya.com\/ca\/mapa-web\/"]}]},{"@type":"BreadcrumbList","@id":"https:\/\/www.centromedicocatalunya.com\/ca\/mapa-web\/#breadcrumb","itemListElement":[{"@type":"ListItem","position":1,"name":"Portada","item":"https:\/\/www.centromedicocatalunya.com\/ca\/home\/"},{"@type":"ListItem","position":2,"name":"Mapa web"}]},{"@type":"WebSite","@id":"https:\/\/www.centromedicocatalunya.com\/#website","url":"https:\/\/www.centromedicocatalunya.com\/","name":"Centre M\u00e8dic Catalunya","description":"Atenci\u00f3 Sanit\u00e0ria Personalitzada \u00b7 Medicina Privada i Concertada","potentialAction":[{"@type":"SearchAction","target":{"@type":"EntryPoint","urlTemplate":"https:\/\/www.centromedicocatalunya.com\/?s={search_term_string}"},"query-input":{"@type":"PropertyValueSpecification","valueRequired":true,"valueName":"search_term_string"}}],"inLanguage":"ca"}]}},"_links":{"self":[{"href":"https:\/\/www.centromedicocatalunya.com\/ca\/wp-json\/wp\/v2\/pages\/2230","targetHints":{"allow":["GET"]}}],"collection":[{"href":"https:\/\/www.centromedicocatalunya.com\/ca\/wp-json\/wp\/v2\/pages"}],"about":[{"href":"https:\/\/www.centromedicocatalunya.com\/ca\/wp-json\/wp\/v2\/types\/page"}],"author":[{"embeddable":true,"href":"https:\/\/www.centromedicocatalunya.com\/ca\/wp-json\/wp\/v2\/users\/3"}],"replies":[{"embeddable":true,"href":"https:\/\/www.centromedicocatalunya.com\/ca\/wp-json\/wp\/v2\/comments?post=2230"}],"version-history":[{"count":1,"href":"https:\/\/www.centromedicocatalunya.com\/ca\/wp-json\/wp\/v2\/pages\/2230\/revisions"}],"predecessor-version":[{"id":2232,"href":"https:\/\/www.centromedicocatalunya.com\/ca\/wp-json\/wp\/v2\/pages\/2230\/revisions\/2232"}],"wp:attachment":[{"href":"https:\/\/www.centromedicocatalunya.com\/ca\/wp-json\/wp\/v2\/media?parent=2230"}],"wp:term":[{"taxonomy":"post_tag","embeddable":true,"href":"https:\/\/www.centromedicocatalunya.com\/ca\/wp-json\/wp\/v2\/tags?post=2230"}],"curies":[{"name":"wp","href":"https:\/\/api.w.org\/{rel}","templated":true}]}}