{"id":2283,"date":"2021-10-14T15:46:36","date_gmt":"2021-10-14T13:46:36","guid":{"rendered":"https:\/\/www.centromedicocatalunya.com\/politica-de-privadesa\/"},"modified":"2025-11-20T08:46:45","modified_gmt":"2025-11-20T07:46:45","slug":"politica-de-privadesa","status":"publish","type":"page","link":"https:\/\/www.centromedicocatalunya.com\/ca\/politica-de-privadesa\/","title":{"rendered":"Pol\u00edtica de privadesa"},"content":{"rendered":"\t\t<div data-elementor-type=\"wp-page\" data-elementor-id=\"2283\" class=\"elementor elementor-2283 elementor-38\" data-elementor-post-type=\"page\">\n\t\t\t\t<div class=\"elementor-element elementor-element-1a99f69 e-flex e-con-boxed e-con e-parent\" data-id=\"1a99f69\" data-element_type=\"container\" data-e-type=\"container\">\n\t\t\t\t\t<div class=\"e-con-inner\">\n\t\t<div class=\"elementor-element elementor-element-ded5778 e-con-full e-flex e-con e-child\" data-id=\"ded5778\" data-element_type=\"container\" data-e-type=\"container\">\n\t\t\t\t<div class=\"elementor-element elementor-element-5af5fd8 elementor-widget elementor-widget-text-editor\" data-id=\"5af5fd8\" data-element_type=\"widget\" data-e-type=\"widget\" data-widget_type=\"text-editor.default\">\n\t\t\t\t<div class=\"elementor-widget-container\">\n\t\t\t\t\t\t\t\t\t<div data-id=\"46cf0d7\" data-element_type=\"widget\" data-widget_type=\"heading.default\"><div><h2>POL\u00cdTICA DE PRIVACITAT<\/h2><\/div><\/div><div data-id=\"4757770\" data-element_type=\"widget\" data-widget_type=\"text-editor.default\"><div><p>El Reglament (UE) 2016\/679 de protecci\u00f3 de dades de car\u00e0cter personal estableix un nou enfocament per al control i el tractament de les dades de car\u00e0cter personal. Hem revisat i adaptat la nostra pol\u00edtica de privadesa als nous requisits i volem oferir m\u00e9s informaci\u00f3 i transpar\u00e8ncia en relaci\u00f3 amb el tractament de les dades personals. <\/p><p><strong><span style=\"color: #222222; font-family: Arial, Helvetica, sans-serif; font-size: small;\">DENSAR SA<\/span><\/strong> amb CIF <strong>A08938144<\/strong> \u00e9s responsable del tractament de les dades de car\u00e0cter personal dels seus usuaris i clients, aix\u00ed com de les dades que puguin ser demanades a trav\u00e9s del lloc web.<\/p><p>DENSAR. SA. informa els usuaris del lloc web sobre la seva pol\u00edtica respecte del tractament i protecci\u00f3 de les dades de car\u00e0cter personal dels usuaris i clients que puguin ser demanats per la navegaci\u00f3 o contractaci\u00f3 de serveis a trav\u00e9s del seu lloc web.  <\/p><\/div><\/div><div data-id=\"b6977f8\" data-element_type=\"widget\" data-widget_type=\"heading.default\"><div><h2>Finalitat del tractament de les dades.<\/h2><\/div><\/div><div data-id=\"49105a6\" data-element_type=\"widget\" data-widget_type=\"text-editor.default\"><div><p>Les seves dades de car\u00e0cter personal es demanen amb la finalitat de prestar i mantenir els serveis acordats contractualment aix\u00ed com poder informar-lo sobre els nous productes i serveis.<br> El tractament de les dades que ens faciliti a trav\u00e9s dels formularis de la web <a href=\"https:\/\/www.centromedicocatalunya.com\/ca\/\">https:\/\/www.centromedicocatalunya.com\/<\/a> <a href=\"https:\/\/www.centromedicocatalunya.com\/ca\/\">,<\/a> es regir\u00e0 per aquesta mateixa pol\u00edtica de privadesa.<br> Les operacions, gestions i procediments t\u00e8cnics que es realitzin de forma automatitzada o no automatitzada i que possibilitin la recollida, emmagatzematge, modificaci\u00f3, transfer\u00e8ncia i altres accions sobre dades de car\u00e0cter personal, tenen la consideraci\u00f3 de tractament de dades personals.<\/p><p>DENSAR. SA. procedir\u00e0 a tractar les dades de car\u00e0cter personal de manera l\u00edcita, lleial, transparent, adequada, pertinent, limitada, exacta i actualitzada.  <\/p><\/div><\/div><div data-id=\"b757201\" data-element_type=\"widget\" data-widget_type=\"heading.default\"><div><h2>Dades recollides per a la prestaci\u00f3 d&#8217;un servei<\/h2><\/div><\/div><div data-id=\"cb3a8f5\" data-element_type=\"widget\" data-widget_type=\"text-editor.default\"><div><p>Les dades de car\u00e0cter personal que ens faciliti per a la prestaci\u00f3 d&#8217;un servei seran els m\u00ednims exigibles per poder oferir-vos els serveis que contracteu i per al compliment de les obligacions legals.<br> Les dades seran conservades durant els terminis legalment establerts.<\/p><\/div><\/div><div data-id=\"bfe0bb4\" data-element_type=\"widget\" data-widget_type=\"heading.default\"><div><h2>Dades recollides per sol\u00b7licitar informaci\u00f3 a trav\u00e9s del formulari web.<\/h2><\/div><\/div><div data-id=\"4b82eaa\" data-element_type=\"widget\" data-widget_type=\"text-editor.default\"><div><p>Les dades personals demanades a trav\u00e9s del formulari web per a la petici\u00f3 d&#8217;informaci\u00f3 tenen com a finalitat l&#8217;enviament d&#8217;informaci\u00f3 comercial sobre els nostres productes i serveis.<br> El tractament de les dades en aquest cas est\u00e0 legitimat pel consentiment expr\u00e9s que ens presta en acceptar l&#8217;enviament de la informaci\u00f3 aportada a trav\u00e9s del formulari.<\/p><\/div><\/div><div data-id=\"d2bb994\" data-element_type=\"widget\" data-widget_type=\"heading.default\"><div><h2>Exercici dels drets<\/h2><\/div><\/div><div data-id=\"0b56158\" data-element_type=\"widget\" data-widget_type=\"text-editor.default\"><div><p>D&#8217;acord amb els drets que confereix el Reglament (UE) 2016\/679 de protecci\u00f3 de dades de car\u00e0cter personal podreu exercir els drets d&#8217;acc\u00e9s, rectificaci\u00f3, limitaci\u00f3 de tractament, supressi\u00f3, portabilitat i oposici\u00f3 al tractament de les vostres dades dirigint la vostra petici\u00f3 a l&#8217;adre\u00e7a postal indicada o al correu electr\u00f2nic <a href=\"mailto:info@centromedicocatalunya.com\" target=\"_blank\" rel=\"noopener\">info@centromedicocatalunya.com<\/a><br> Per a l&#8217;exercici dels drets s&#8217;haur\u00e0 d&#8217;identificar mitjan\u00e7ant la presentaci\u00f3 del vostre DNI.<\/p><\/div><\/div><div data-id=\"06cfe0b\" data-element_type=\"widget\" data-widget_type=\"heading.default\"><div><h2>Destinataris<\/h2><\/div><\/div><div data-id=\"f2ac2fa\" data-element_type=\"widget\" data-widget_type=\"text-editor.default\"><div><div>DENSAR SA. informa als usuaris que les seves dades personals no seran comunicades a tercers, llevat que aquesta comunicaci\u00f3 de dades estigui emparada en una obligaci\u00f3 legal o quan la prestaci\u00f3 d&#8217;un servei impliqui la necessitat d&#8217;una relaci\u00f3 contractual amb un encarregat de tractament. En aquest darrer cas, els destinataris de les vostres dades poden ser determinats encarregats del tractament necessaris per a la correcta prestaci\u00f3 dels serveis.  <\/div><div> <\/div><div>DENSAR SA. mant\u00e9 uns criteris estrictes de selecci\u00f3 d&#8217;encarregats de tractament i es compromet contractualment amb cadascun a complir i fer complir les obligacions establertes en mat\u00e8ria de protecci\u00f3 de dades <\/div><\/div><\/div><div data-id=\"4f6376e\" data-element_type=\"widget\" data-widget_type=\"heading.default\"><div><h2>Variaci\u00f3 de les dades<\/h2><\/div><\/div><div data-id=\"277af28\" data-element_type=\"widget\" data-widget_type=\"text-editor.default\"><div><p>Mentre no ens comuniquin el contrari, entendrem que les dades no han estat modificades i que es compromet a notificar-nos qualsevol variaci\u00f3.<\/p><p>Per a qualsevol reclamaci\u00f3 podeu adre\u00e7ar-vos a <a href=\"mailto:info@centromedicocatalunya.com\" target=\"_blank\" rel=\"noopener\">info@centromedicocatalunya.com<\/a> igualment podeu adre\u00e7ar-vos a l&#8217;Ag\u00e8ncia Espanyola de Protecci\u00f3 de Dades <a href=\"http:\/\/www.agdp.es\/\">www.agdp.es.<\/a><\/p><\/div><\/div>\t\t\t\t\t\t\t\t<\/div>\n\t\t\t\t<\/div>\n\t\t\t\t<\/div>\n\t\t\t\t\t<\/div>\n\t\t\t\t<\/div>\n\t\t\t\t<\/div>\n\t\t","protected":false},"excerpt":{"rendered":"<p>POL\u00cdTICA DE PRIVACITAT El Reglament (UE) 2016\/679 de protecci\u00f3 de dades de car\u00e0cter personal estableix un nou enfocament per al control i el tractament de les dades de car\u00e0cter personal. Hem revisat i adaptat la nostra pol\u00edtica de privadesa als nous requisits i volem oferir m\u00e9s informaci\u00f3 i transpar\u00e8ncia en relaci\u00f3 amb el tractament de [&hellip;]<\/p>\n","protected":false},"author":3,"featured_media":0,"parent":0,"menu_order":0,"comment_status":"closed","ping_status":"open","template":"elementor_header_footer","meta":{"_acf_changed":false,"inline_featured_image":false,"footnotes":""},"tags":[],"class_list":["post-2283","page","type-page","status-publish","hentry"],"acf":[],"yoast_head":"<!-- This site is optimized with the Yoast SEO plugin v27.4 - https:\/\/yoast.com\/product\/yoast-seo-wordpress\/ -->\n<title>\u25b7Pol\u00edtica de privadesa  \u3010 Centre M\u00e8dic Catalunya \u3011<\/title>\n<meta name=\"description\" content=\"POL\u00cdTICA DE PRIVACITATEl Reglament (UE) 2016\/679 de protecci\u00f3 de dades de car\u00e0cter personal estableix un nou enfocament per al control i el tractament de \u2713\" \/>\n<meta name=\"robots\" content=\"noindex, nofollow\" \/>\n<meta property=\"og:locale\" content=\"ca_ES\" \/>\n<meta property=\"og:type\" content=\"article\" \/>\n<meta property=\"og:title\" content=\"\u25b7Pol\u00edtica de privadesa  \u3010 Centre M\u00e8dic Catalunya \u3011\" \/>\n<meta property=\"og:description\" content=\"POL\u00cdTICA DE PRIVACITATEl Reglament (UE) 2016\/679 de protecci\u00f3 de dades de car\u00e0cter personal estableix un nou enfocament per al control i el tractament de \u2713\" \/>\n<meta property=\"og:url\" content=\"https:\/\/www.centromedicocatalunya.com\/ca\/politica-de-privadesa\/\" \/>\n<meta property=\"og:site_name\" content=\"Centre M\u00e8dic Catalunya\" \/>\n<meta property=\"article:modified_time\" content=\"2025-11-20T07:46:45+00:00\" \/>\n<meta name=\"twitter:card\" content=\"summary_large_image\" \/>\n<meta name=\"twitter:label1\" content=\"Temps estimat de lectura\" \/>\n\t<meta name=\"twitter:data1\" content=\"3 minuts\" \/>\n<script type=\"application\/ld+json\" class=\"yoast-schema-graph\">{\"@context\":\"https:\\\/\\\/schema.org\",\"@graph\":[{\"@type\":\"WebPage\",\"@id\":\"https:\\\/\\\/www.centromedicocatalunya.com\\\/ca\\\/politica-de-privadesa\\\/\",\"url\":\"https:\\\/\\\/www.centromedicocatalunya.com\\\/ca\\\/politica-de-privadesa\\\/\",\"name\":\"\u25b7Pol\u00edtica de privadesa \u3010 Centre M\u00e8dic Catalunya \u3011\",\"isPartOf\":{\"@id\":\"https:\\\/\\\/www.centromedicocatalunya.com\\\/#website\"},\"datePublished\":\"2021-10-14T13:46:36+00:00\",\"dateModified\":\"2025-11-20T07:46:45+00:00\",\"description\":\"POL\u00cdTICA DE PRIVACITATEl Reglament (UE) 2016\\\/679 de protecci\u00f3 de dades de car\u00e0cter personal estableix un nou enfocament per al control i el tractament de \u2713\",\"breadcrumb\":{\"@id\":\"https:\\\/\\\/www.centromedicocatalunya.com\\\/ca\\\/politica-de-privadesa\\\/#breadcrumb\"},\"inLanguage\":\"ca\",\"potentialAction\":[{\"@type\":\"ReadAction\",\"target\":[\"https:\\\/\\\/www.centromedicocatalunya.com\\\/ca\\\/politica-de-privadesa\\\/\"]}]},{\"@type\":\"BreadcrumbList\",\"@id\":\"https:\\\/\\\/www.centromedicocatalunya.com\\\/ca\\\/politica-de-privadesa\\\/#breadcrumb\",\"itemListElement\":[{\"@type\":\"ListItem\",\"position\":1,\"name\":\"Portada\",\"item\":\"https:\\\/\\\/www.centromedicocatalunya.com\\\/ca\\\/home\\\/\"},{\"@type\":\"ListItem\",\"position\":2,\"name\":\"Pol\u00edtica de privadesa\"}]},{\"@type\":\"WebSite\",\"@id\":\"https:\\\/\\\/www.centromedicocatalunya.com\\\/#website\",\"url\":\"https:\\\/\\\/www.centromedicocatalunya.com\\\/\",\"name\":\"Centre M\u00e8dic Catalunya\",\"description\":\"Atenci\u00f3 Sanit\u00e0ria Personalitzada \u00b7 Medicina Privada i Concertada\",\"potentialAction\":[{\"@type\":\"SearchAction\",\"target\":{\"@type\":\"EntryPoint\",\"urlTemplate\":\"https:\\\/\\\/www.centromedicocatalunya.com\\\/?s={search_term_string}\"},\"query-input\":{\"@type\":\"PropertyValueSpecification\",\"valueRequired\":true,\"valueName\":\"search_term_string\"}}],\"inLanguage\":\"ca\"}]}<\/script>\n<!-- \/ Yoast SEO plugin. -->","yoast_head_json":{"title":"\u25b7Pol\u00edtica de privadesa  \u3010 Centre M\u00e8dic Catalunya \u3011","description":"POL\u00cdTICA DE PRIVACITATEl Reglament (UE) 2016\/679 de protecci\u00f3 de dades de car\u00e0cter personal estableix un nou enfocament per al control i el tractament de \u2713","robots":{"index":"noindex","follow":"nofollow"},"og_locale":"ca_ES","og_type":"article","og_title":"\u25b7Pol\u00edtica de privadesa  \u3010 Centre M\u00e8dic Catalunya \u3011","og_description":"POL\u00cdTICA DE PRIVACITATEl Reglament (UE) 2016\/679 de protecci\u00f3 de dades de car\u00e0cter personal estableix un nou enfocament per al control i el tractament de \u2713","og_url":"https:\/\/www.centromedicocatalunya.com\/ca\/politica-de-privadesa\/","og_site_name":"Centre M\u00e8dic Catalunya","article_modified_time":"2025-11-20T07:46:45+00:00","twitter_card":"summary_large_image","twitter_misc":{"Temps estimat de lectura":"3 minuts"},"schema":{"@context":"https:\/\/schema.org","@graph":[{"@type":"WebPage","@id":"https:\/\/www.centromedicocatalunya.com\/ca\/politica-de-privadesa\/","url":"https:\/\/www.centromedicocatalunya.com\/ca\/politica-de-privadesa\/","name":"\u25b7Pol\u00edtica de privadesa \u3010 Centre M\u00e8dic Catalunya \u3011","isPartOf":{"@id":"https:\/\/www.centromedicocatalunya.com\/#website"},"datePublished":"2021-10-14T13:46:36+00:00","dateModified":"2025-11-20T07:46:45+00:00","description":"POL\u00cdTICA DE PRIVACITATEl Reglament (UE) 2016\/679 de protecci\u00f3 de dades de car\u00e0cter personal estableix un nou enfocament per al control i el tractament de \u2713","breadcrumb":{"@id":"https:\/\/www.centromedicocatalunya.com\/ca\/politica-de-privadesa\/#breadcrumb"},"inLanguage":"ca","potentialAction":[{"@type":"ReadAction","target":["https:\/\/www.centromedicocatalunya.com\/ca\/politica-de-privadesa\/"]}]},{"@type":"BreadcrumbList","@id":"https:\/\/www.centromedicocatalunya.com\/ca\/politica-de-privadesa\/#breadcrumb","itemListElement":[{"@type":"ListItem","position":1,"name":"Portada","item":"https:\/\/www.centromedicocatalunya.com\/ca\/home\/"},{"@type":"ListItem","position":2,"name":"Pol\u00edtica de privadesa"}]},{"@type":"WebSite","@id":"https:\/\/www.centromedicocatalunya.com\/#website","url":"https:\/\/www.centromedicocatalunya.com\/","name":"Centre M\u00e8dic Catalunya","description":"Atenci\u00f3 Sanit\u00e0ria Personalitzada \u00b7 Medicina Privada i Concertada","potentialAction":[{"@type":"SearchAction","target":{"@type":"EntryPoint","urlTemplate":"https:\/\/www.centromedicocatalunya.com\/?s={search_term_string}"},"query-input":{"@type":"PropertyValueSpecification","valueRequired":true,"valueName":"search_term_string"}}],"inLanguage":"ca"}]}},"_links":{"self":[{"href":"https:\/\/www.centromedicocatalunya.com\/ca\/wp-json\/wp\/v2\/pages\/2283","targetHints":{"allow":["GET"]}}],"collection":[{"href":"https:\/\/www.centromedicocatalunya.com\/ca\/wp-json\/wp\/v2\/pages"}],"about":[{"href":"https:\/\/www.centromedicocatalunya.com\/ca\/wp-json\/wp\/v2\/types\/page"}],"author":[{"embeddable":true,"href":"https:\/\/www.centromedicocatalunya.com\/ca\/wp-json\/wp\/v2\/users\/3"}],"replies":[{"embeddable":true,"href":"https:\/\/www.centromedicocatalunya.com\/ca\/wp-json\/wp\/v2\/comments?post=2283"}],"version-history":[{"count":1,"href":"https:\/\/www.centromedicocatalunya.com\/ca\/wp-json\/wp\/v2\/pages\/2283\/revisions"}],"predecessor-version":[{"id":2285,"href":"https:\/\/www.centromedicocatalunya.com\/ca\/wp-json\/wp\/v2\/pages\/2283\/revisions\/2285"}],"wp:attachment":[{"href":"https:\/\/www.centromedicocatalunya.com\/ca\/wp-json\/wp\/v2\/media?parent=2283"}],"wp:term":[{"taxonomy":"post_tag","embeddable":true,"href":"https:\/\/www.centromedicocatalunya.com\/ca\/wp-json\/wp\/v2\/tags?post=2283"}],"curies":[{"name":"wp","href":"https:\/\/api.w.org\/{rel}","templated":true}]}}