{"id":2292,"date":"2021-10-16T15:24:59","date_gmt":"2021-10-16T13:24:59","guid":{"rendered":"https:\/\/www.centromedicocatalunya.com\/avis-legal\/"},"modified":"2025-11-20T08:46:46","modified_gmt":"2025-11-20T07:46:46","slug":"avis-legal","status":"publish","type":"page","link":"https:\/\/www.centromedicocatalunya.com\/ca\/avis-legal\/","title":{"rendered":"Av\u00eds Legal"},"content":{"rendered":"\t\t<div data-elementor-type=\"wp-page\" data-elementor-id=\"2292\" class=\"elementor elementor-2292 elementor-57\" data-elementor-post-type=\"page\">\n\t\t\t\t\t\t<section class=\"elementor-section elementor-top-section elementor-element elementor-element-83c3299 elementor-section-boxed elementor-section-height-default elementor-section-height-default\" data-id=\"83c3299\" data-element_type=\"section\" data-e-type=\"section\">\n\t\t\t\t\t\t<div class=\"elementor-container elementor-column-gap-default\">\n\t\t\t\t\t<div class=\"elementor-column elementor-col-100 elementor-top-column elementor-element elementor-element-08780a7\" data-id=\"08780a7\" data-element_type=\"column\" data-e-type=\"column\">\n\t\t\t<div class=\"elementor-widget-wrap elementor-element-populated\">\n\t\t\t\t\t\t<div class=\"elementor-element elementor-element-0a23144 elementor-widget elementor-widget-heading\" data-id=\"0a23144\" data-element_type=\"widget\" data-e-type=\"widget\" data-widget_type=\"heading.default\">\n\t\t\t\t<div class=\"elementor-widget-container\">\n\t\t\t\t\t<h2 class=\"elementor-heading-title elementor-size-default\">AV\u00cdS LEGAL<\/h2>\t\t\t\t<\/div>\n\t\t\t\t<\/div>\n\t\t\t\t<div class=\"elementor-element elementor-element-f2b704f elementor-widget elementor-widget-text-editor\" data-id=\"f2b704f\" data-element_type=\"widget\" data-e-type=\"widget\" data-widget_type=\"text-editor.default\">\n\t\t\t\t<div class=\"elementor-widget-container\">\n\t\t\t\t\t\t\t\t\t<p>Aquest Av\u00eds Legal t\u00e9 l&#8217;objectiu d&#8217;informar-te dels teus drets i obligacions com a usuari d&#8217;aquest lloc web Aqu\u00ed trobar\u00e0s tota la informaci\u00f3 que necessites sobre aquest lloc web, la seva activitat, les dades personals que recull i la seva finalitat, aix\u00ed com les normes d&#8217;\u00fas que regulen l&#8217;\u00fas d&#8217;aquesta web.<\/p><p>En el moment en qu\u00e8 accedeixis a aquest lloc web <strong><\/strong><b>, assumes la condici\u00f3 d&#8217;usuari, pel que el contingut d&#8217;aquest Av\u00eds Legal et afecta directament.<\/b> Per aix\u00f2, \u00e9s important que el llegeixis per desfer qualsevol dubte que puguis tenir i tenir coneixement de causa sobre les condicions que est\u00e0s acceptant.<\/p><p>Per comen\u00e7ar, has de saber que aquest lloc web compleix amb les normatives vigents en mat\u00e8ria de protecci\u00f3 de dades, amb l&#8217;objectiu de proporcionar-te les garanties, la seguretat i la transpar\u00e8ncia que, com a usuari, et corresponen, a l&#8217;hora d&#8217;utilitzar aquesta web.<\/p><p>El <b>RGPD<\/b> ( <b>Reglament (UE) 2016\/679 del Parlament Europeu i del Consell de 27 d&#8217;abril de 2016 relatiu a la protecci\u00f3 de les persones f\u00edsiques<\/b> ) que \u00e9s la nova normativa de la Uni\u00f3 Europea que unifica la regulaci\u00f3 del tractament de les dades personals als diferents pa\u00efsos de la UE.<\/p><p>La <b>LOPDGDD<\/b> ( <b>Llei org\u00e0nica 3\/2018, de 3 de desembre, de protecci\u00f3 de dades personals<\/b> i <b>Reial decret 1720\/2007, de 21 de desembre, el Reglament de desenvolupament de la LOPD<\/b> ) que regula el tractament de les dades personals i les obligacions que hem d&#8217;assumir els responsables d&#8217;una web o un bloc a l&#8217;hora de gestionar.<\/p><p>La <b>LSSI<\/b> (<b>Llei 34\/2002, de 11 de juliol, de Serveis de la Societat de la Informaci\u00f3 i Comer\u00e7 Electr\u00f2nic<\/b>) que regula les transaccions econ\u00f2miques mitjan\u00e7ant mitjans electr\u00f2nics, com \u00e9s el cas d&#8217;aquest blog.<\/p><p><b>DADES D&#8217;IDENTIFICACI\u00d3<\/b><\/p><p>El responsable i titular d&#8217;aquest lloc web \u00e9s <strong><\/strong><\/p><ul><li><b>Nom:<\/b> DENSAR SA<\/li><li><b>NIF:<\/b> A08938144<\/li><li><b><b>Domicili Social:<\/b><\/b><div>Av. Francesc Macia, 9 &#8211; Bj,   <\/div><div>Santa Coloma de Gramenet<\/div><div>08921Barcelona  <\/div><\/li><li><b>Activitat del lloc web<\/b> : Centre m\u00e8dic  <\/li><li><b>Correu electr\u00f2nic<\/b> : <a href=\"mailto:info@centromedicocatalunya.com\" target=\"_blank\" rel=\"noopener\">info@centromedicocatalunya.com<\/a><\/li><\/ul><p>Les dades que ens facilitis amb el teu consentiment, i d&#8217;acord amb l&#8217;\u00fas establert a la nostra Pol\u00edtica de Privadesa, seran incorporades a un fitxer automatitzat, en qu\u00e8 el responsable d&#8217;aquest fitxer \u00e9s: <strong>DENSAR SA<\/strong><b> <\/b>Aix\u00f2 vol dir que les vostres dades estan segures, d&#8217;acord amb el que estableix la llei.<\/p><p><b>NORMES D&#8217;ACC\u00c9S AL LLOC WEB<\/b><\/p><p>Com a usuari del nostre web, tamb\u00e9 tens una s\u00e8rie d&#8217;obligacions:<\/p><p>No podr\u00e0s utilitzar aquest lloc web per a la realitzaci\u00f3 d&#8217;activitats contr\u00e0ries a les lleis, a la moral, a l&#8217;ordre p\u00fablic i, en general, a fer un \u00fas conforme a les condicions establertes en el present Av\u00eds Legal.<\/p><p>No podr\u00e0s realitzar activitats publicit\u00e0ries o d&#8217;explotaci\u00f3 comercial remetent missatges que utilitzin una identitat falsa.<\/p><p>Tu ser\u00e0s l&#8217;\u00fanic responsable de la veracitat i exactitud dels continguts que introdueixis en aquesta web i de les dades personals que ens facilitis amb les finalitats previstes a la nostra Pol\u00edtica de Privacitat.<\/p><p>Tamb\u00e9 ser\u00e0s l&#8217;\u00fanic responsable de la realitzaci\u00f3 de qualsevol tipus d&#8217;actuaci\u00f3 il\u00b7l\u00edcita, lesiva de drets, nociva i\/o perjudicial als llocs de tercers als quals et puguem derivar des d&#8217;aquest lloc web per al desenvolupament de la nostra activitat.<\/p><p>Com a responsable del lloc web, <strong>DENSAR SA<\/strong> podr\u00e0 interrompre el servei de la p\u00e0gina que estigui sent utilitzat per l&#8217;usuari i resoldre de manera immediata la relaci\u00f3 si detecta un \u00fas del web o de qualsevol dels serveis que s&#8217;hi ofereixen que es pugui considerar contrari al que expressa aquest Av\u00eds Legal.<\/p><p><b>PROPIETAT INTEL\u00b7LECTUAL I INDUSTRIAL<\/b><\/p><p>La totalitat d&#8217;aquest lloc web (text, imatges, marques, gr\u00e0fics, logotips, botons, arxius de programari, combinacions de colors, aix\u00ed com l&#8217;estructura, selecci\u00f3, ordenaci\u00f3 i presentaci\u00f3 dels seus continguts) est\u00e0 protegida per les lleis vigents sobre Propietat Intel\u00b7lectual i Industrial, quedant prohibida la seva reproducci\u00f3, distribuci\u00f3, comunicaci\u00f3 p\u00fablica i transformaci\u00f3, llevat per a \u00fas personal i priva<\/p><p>Com a titular d&#8217;aquest lloc web, <b>DENSAR SA, A08938144<\/b> no garanteix que els continguts siguin necessaris o lliures d&#8217;error o que el lliure \u00fas dels usuaris per part dels usuaris no infringeixi els drets de terceres parts. El bon o mal \u00fas d&#8217;aquesta p\u00e0gina i dels seus continguts \u00e9s responsabilitat de l&#8217;usuari.<\/p><p>Aix\u00ed mateix, queda prohibida la reproducci\u00f3, retransmissi\u00f3, c\u00f2pia, cessi\u00f3 o redifusi\u00f3, total o parcial, de la informaci\u00f3 continguda a la p\u00e0gina, sigui quina sigui la finalitat i el mitj\u00e0 utilitzat per a aix\u00f2, sense autoritzaci\u00f3 pr\u00e8via de <strong>DENSAR SA.<\/strong><\/p><p><b>ENLLA\u00c7OS O LINKS<\/b><\/p><p>Aquest lloc web inclou enlla\u00e7os o links a llocs de tercers. Les p\u00e0gines pertanyents a aquests tercers no han estat revisades ni s\u00f3n objecte de controls per part nostra, per la qual cosa <strong>DENSAR SA<\/strong> no podr\u00e0 ser considerat responsable dels continguts d&#8217;aquests llocs web, ni de les mesures que s&#8217;adoptin relatives a la seva privadesa o al tractament de les seves dades de car\u00e0cter personal o altres que es puguin derivar.<\/p><p>Per tot aix\u00f2, et recomanem la lectura detinguda de les condicions d&#8217;\u00fas, pol\u00edtica de privacitat, avisos legals i\/o similars d&#8217;aquests llocs.<\/p><p><b>ENLLA\u00c7OS D&#8217;AFILIACI\u00d3 D&#8217;AMAZON<\/b><\/p><p>Aquest lloc web, d&#8217;acord amb la seva finalitat, utilitza enlla\u00e7os d&#8217;afiliat d&#8217;Amazon.<\/p><p>Aix\u00f2 vol dir que trobar\u00e0s enlla\u00e7os de productes d&#8217;Amazon als quals podr\u00e0s accedir directament des del nostre lloc web per\u00f2 que, en el seu cas, la compra la realitzar\u00e0s a Amazon, sota les seves pr\u00f2pies condicions en aquest moment.<\/p><p><b>LIMITACI\u00d3 DE RESPONSABILITAT<\/b><\/p><p>En exercici del vostre dret com a titular d&#8217;aquesta web, us informem que <strong>DENSAR SA<\/strong><b> <\/b>no es fa responsable en cap cas del seg\u00fcent:<\/p><p>a qualitat del servei, la velocitat d&#8217;acc\u00e9s, el correcte funcionament ni la disponibilitat ni continu\u00eftat de funcionament de la p\u00e0gina.<\/p><p>L&#8217;exist\u00e8ncia de virus, malware, programes maliciosos o danyosos en els continguts.<\/p><p>L&#8217;\u00fas il\u00b7l\u00edcit, negligent, fraudulent o contrari a aquest Av\u00eds Legal.<\/p><p>La falta de licitud, qualitat, fiabilitat, utilitat i disponibilitat dels serveis prestats per tercers i posats a disposici\u00f3 dels usuaris en aquest lloc web.<\/p><p>Els danys que puguin derivar-se de l&#8217;\u00fas il\u00b7legal o indegut d&#8217;aquest blog.<\/p><p><b>POL\u00cdTICA DE PRIVACITAT I PROTECCI\u00d3 DE DADES<\/b><\/p><p>Aquest lloc web compleix amb la normativa vigent en mat\u00e8ria de protecci\u00f3 de dades, la qual cosa implica que, com a usuari, haur\u00e0s de donar el teu consentiment expr\u00e9s abans de facilitar-nos dades personals a trav\u00e9s dels diferents formularis posats a disposici\u00f3 a les seccions de la nostra p\u00e0gina.<\/p><p>Per aix\u00f2, en aras de la transpar\u00e8ncia i l&#8217;exercici del teu dret, el nostre deure \u00e9s informar-te sobre les dades personals que recollim, emmagatzemem i tractem i amb quines finalitats, tenint en qualsevol moment la possibilitat de revocar lliurement el teu consentiment.<\/p><p>Tota aquesta informaci\u00f3 la podr\u00e0s trobar a la nostra <b>POL\u00cdTICA DE PRIVACITAT.<\/b><\/p><p><b>POL\u00cdTICA DE COOKIES<\/b><\/p><p>Com t&#8217;informem res m\u00e9s accedir al nostre lloc web, aquest lloc utilitza cookies pr\u00f2pies i de tercers amb l&#8217;objectiu de proporcionar-te la millor experi\u00e8ncia d&#8217;usuari i desenvolupar la nostra activitat.<\/p><p>En qualsevol moment, tindr\u00e0s l&#8217;opci\u00f3 de configurar el teu navegador per desestimar l&#8217;\u00fas d&#8217;aquestes cookies que, en algun cas, afectaran la teva experi\u00e8ncia d&#8217;usuari.<\/p><p>Per accedir a la informaci\u00f3 completa sobre l&#8217;\u00fas de cookies en aquest lloc web, la seva finalitat i la seva desestimaci\u00f3, pots consultar la nostra <b>POL\u00cdTICA DE COOKIES.<\/b><\/p><p><b>LEGISLACI\u00d3 APLICABLE I JURISDICCI\u00d3 COMPETENT<\/b><\/p><p>El present Av\u00eds Legal es troba sotm\u00e8s a la legislaci\u00f3 espanyola vigent.<\/p><p>En cas necessari, davant de qualsevol tipus de controv\u00e8rsia de car\u00e0cter legal, <strong>DENSAR SA<\/strong> i l&#8217;usuari, amb ren\u00fancia expressa a qualsevol altre fur, se sotmetran als Jutjats i Tribunals del domicili de l&#8217;Usuari per a qualsevol controv\u00e8rsia que se&#8217;n pogu\u00e9s derivar.<\/p><p>En cas que l&#8217;usuari tingui el domicili fora d&#8217;Espanya, <strong>DENSAR SA<\/strong><b> <\/b>i l&#8217;usuari se sotmetran, amb ren\u00fancia expressa a qualsevol altre fur, als jutjats i tribunals de Barcelona (Espanya).<\/p><p>Si tens qualsevol dubte sobre aquest Av\u00eds Legal, pots enviar-nos un correu electr\u00f2nic a <strong><a href=\"mailto:info@centromedicocatalunya.com\" target=\"_blank\" rel=\"noopener\">info@centromedicocatalunya.com<\/a><\/strong> <\/p>\t\t\t\t\t\t\t\t<\/div>\n\t\t\t\t<\/div>\n\t\t\t\t\t<\/div>\n\t\t<\/div>\n\t\t\t\t\t<\/div>\n\t\t<\/section>\n\t\t\t\t<\/div>\n\t\t","protected":false},"excerpt":{"rendered":"<p>AV\u00cdS LEGAL Aquest Av\u00eds Legal t\u00e9 l&#8217;objectiu d&#8217;informar-te dels teus drets i obligacions com a usuari d&#8217;aquest lloc web Aqu\u00ed trobar\u00e0s tota la informaci\u00f3 que necessites sobre aquest lloc web, la seva activitat, les dades personals que recull i la seva finalitat, aix\u00ed com les normes d&#8217;\u00fas que regulen l&#8217;\u00fas d&#8217;aquesta web. En el moment [&hellip;]<\/p>\n","protected":false},"author":3,"featured_media":0,"parent":0,"menu_order":0,"comment_status":"closed","ping_status":"closed","template":"elementor_header_footer","meta":{"_acf_changed":false,"inline_featured_image":false,"footnotes":""},"tags":[],"class_list":["post-2292","page","type-page","status-publish","hentry"],"acf":[],"yoast_head":"<!-- This site is optimized with the Yoast SEO plugin v27.4 - https:\/\/yoast.com\/product\/yoast-seo-wordpress\/ -->\n<title>\u25b7Av\u00eds Legal  \u3010 Centre M\u00e8dic Catalunya \u3011<\/title>\n<meta name=\"description\" content=\"AV\u00cdS LEGAL Aquest Av\u00eds Legal t\u00e9 l&#039;objectiu d&#039;informar-te dels teus drets i obligacions com a usuari d&#039;aquest lloc web Aqu\u00ed trobar\u00e0s tota la informaci\u00f3 que \u2713\" \/>\n<meta name=\"robots\" content=\"noindex, nofollow\" \/>\n<meta property=\"og:locale\" content=\"ca_ES\" \/>\n<meta property=\"og:type\" content=\"article\" \/>\n<meta property=\"og:title\" content=\"\u25b7Av\u00eds Legal  \u3010 Centre M\u00e8dic Catalunya \u3011\" \/>\n<meta property=\"og:description\" content=\"AV\u00cdS LEGAL Aquest Av\u00eds Legal t\u00e9 l&#039;objectiu d&#039;informar-te dels teus drets i obligacions com a usuari d&#039;aquest lloc web Aqu\u00ed trobar\u00e0s tota la informaci\u00f3 que \u2713\" \/>\n<meta property=\"og:url\" content=\"https:\/\/www.centromedicocatalunya.com\/ca\/avis-legal\/\" \/>\n<meta property=\"og:site_name\" content=\"Centre M\u00e8dic Catalunya\" \/>\n<meta property=\"article:modified_time\" content=\"2025-11-20T07:46:46+00:00\" \/>\n<meta name=\"twitter:card\" content=\"summary_large_image\" \/>\n<meta name=\"twitter:label1\" content=\"Temps estimat de lectura\" \/>\n\t<meta name=\"twitter:data1\" content=\"7 minuts\" \/>\n<script type=\"application\/ld+json\" class=\"yoast-schema-graph\">{\"@context\":\"https:\\\/\\\/schema.org\",\"@graph\":[{\"@type\":\"WebPage\",\"@id\":\"https:\\\/\\\/www.centromedicocatalunya.com\\\/ca\\\/avis-legal\\\/\",\"url\":\"https:\\\/\\\/www.centromedicocatalunya.com\\\/ca\\\/avis-legal\\\/\",\"name\":\"\u25b7Av\u00eds Legal \u3010 Centre M\u00e8dic Catalunya \u3011\",\"isPartOf\":{\"@id\":\"https:\\\/\\\/www.centromedicocatalunya.com\\\/#website\"},\"datePublished\":\"2021-10-16T13:24:59+00:00\",\"dateModified\":\"2025-11-20T07:46:46+00:00\",\"description\":\"AV\u00cdS LEGAL Aquest Av\u00eds Legal t\u00e9 l'objectiu d'informar-te dels teus drets i obligacions com a usuari d'aquest lloc web Aqu\u00ed trobar\u00e0s tota la informaci\u00f3 que \u2713\",\"breadcrumb\":{\"@id\":\"https:\\\/\\\/www.centromedicocatalunya.com\\\/ca\\\/avis-legal\\\/#breadcrumb\"},\"inLanguage\":\"ca\",\"potentialAction\":[{\"@type\":\"ReadAction\",\"target\":[\"https:\\\/\\\/www.centromedicocatalunya.com\\\/ca\\\/avis-legal\\\/\"]}]},{\"@type\":\"BreadcrumbList\",\"@id\":\"https:\\\/\\\/www.centromedicocatalunya.com\\\/ca\\\/avis-legal\\\/#breadcrumb\",\"itemListElement\":[{\"@type\":\"ListItem\",\"position\":1,\"name\":\"Portada\",\"item\":\"https:\\\/\\\/www.centromedicocatalunya.com\\\/ca\\\/home\\\/\"},{\"@type\":\"ListItem\",\"position\":2,\"name\":\"Av\u00eds Legal\"}]},{\"@type\":\"WebSite\",\"@id\":\"https:\\\/\\\/www.centromedicocatalunya.com\\\/#website\",\"url\":\"https:\\\/\\\/www.centromedicocatalunya.com\\\/\",\"name\":\"Centre M\u00e8dic Catalunya\",\"description\":\"Atenci\u00f3 Sanit\u00e0ria Personalitzada \u00b7 Medicina Privada i Concertada\",\"potentialAction\":[{\"@type\":\"SearchAction\",\"target\":{\"@type\":\"EntryPoint\",\"urlTemplate\":\"https:\\\/\\\/www.centromedicocatalunya.com\\\/?s={search_term_string}\"},\"query-input\":{\"@type\":\"PropertyValueSpecification\",\"valueRequired\":true,\"valueName\":\"search_term_string\"}}],\"inLanguage\":\"ca\"}]}<\/script>\n<!-- \/ Yoast SEO plugin. -->","yoast_head_json":{"title":"\u25b7Av\u00eds Legal  \u3010 Centre M\u00e8dic Catalunya \u3011","description":"AV\u00cdS LEGAL Aquest Av\u00eds Legal t\u00e9 l'objectiu d'informar-te dels teus drets i obligacions com a usuari d'aquest lloc web Aqu\u00ed trobar\u00e0s tota la informaci\u00f3 que \u2713","robots":{"index":"noindex","follow":"nofollow"},"og_locale":"ca_ES","og_type":"article","og_title":"\u25b7Av\u00eds Legal  \u3010 Centre M\u00e8dic Catalunya \u3011","og_description":"AV\u00cdS LEGAL Aquest Av\u00eds Legal t\u00e9 l'objectiu d'informar-te dels teus drets i obligacions com a usuari d'aquest lloc web Aqu\u00ed trobar\u00e0s tota la informaci\u00f3 que \u2713","og_url":"https:\/\/www.centromedicocatalunya.com\/ca\/avis-legal\/","og_site_name":"Centre M\u00e8dic Catalunya","article_modified_time":"2025-11-20T07:46:46+00:00","twitter_card":"summary_large_image","twitter_misc":{"Temps estimat de lectura":"7 minuts"},"schema":{"@context":"https:\/\/schema.org","@graph":[{"@type":"WebPage","@id":"https:\/\/www.centromedicocatalunya.com\/ca\/avis-legal\/","url":"https:\/\/www.centromedicocatalunya.com\/ca\/avis-legal\/","name":"\u25b7Av\u00eds Legal \u3010 Centre M\u00e8dic Catalunya \u3011","isPartOf":{"@id":"https:\/\/www.centromedicocatalunya.com\/#website"},"datePublished":"2021-10-16T13:24:59+00:00","dateModified":"2025-11-20T07:46:46+00:00","description":"AV\u00cdS LEGAL Aquest Av\u00eds Legal t\u00e9 l'objectiu d'informar-te dels teus drets i obligacions com a usuari d'aquest lloc web Aqu\u00ed trobar\u00e0s tota la informaci\u00f3 que \u2713","breadcrumb":{"@id":"https:\/\/www.centromedicocatalunya.com\/ca\/avis-legal\/#breadcrumb"},"inLanguage":"ca","potentialAction":[{"@type":"ReadAction","target":["https:\/\/www.centromedicocatalunya.com\/ca\/avis-legal\/"]}]},{"@type":"BreadcrumbList","@id":"https:\/\/www.centromedicocatalunya.com\/ca\/avis-legal\/#breadcrumb","itemListElement":[{"@type":"ListItem","position":1,"name":"Portada","item":"https:\/\/www.centromedicocatalunya.com\/ca\/home\/"},{"@type":"ListItem","position":2,"name":"Av\u00eds Legal"}]},{"@type":"WebSite","@id":"https:\/\/www.centromedicocatalunya.com\/#website","url":"https:\/\/www.centromedicocatalunya.com\/","name":"Centre M\u00e8dic Catalunya","description":"Atenci\u00f3 Sanit\u00e0ria Personalitzada \u00b7 Medicina Privada i Concertada","potentialAction":[{"@type":"SearchAction","target":{"@type":"EntryPoint","urlTemplate":"https:\/\/www.centromedicocatalunya.com\/?s={search_term_string}"},"query-input":{"@type":"PropertyValueSpecification","valueRequired":true,"valueName":"search_term_string"}}],"inLanguage":"ca"}]}},"_links":{"self":[{"href":"https:\/\/www.centromedicocatalunya.com\/ca\/wp-json\/wp\/v2\/pages\/2292","targetHints":{"allow":["GET"]}}],"collection":[{"href":"https:\/\/www.centromedicocatalunya.com\/ca\/wp-json\/wp\/v2\/pages"}],"about":[{"href":"https:\/\/www.centromedicocatalunya.com\/ca\/wp-json\/wp\/v2\/types\/page"}],"author":[{"embeddable":true,"href":"https:\/\/www.centromedicocatalunya.com\/ca\/wp-json\/wp\/v2\/users\/3"}],"replies":[{"embeddable":true,"href":"https:\/\/www.centromedicocatalunya.com\/ca\/wp-json\/wp\/v2\/comments?post=2292"}],"version-history":[{"count":1,"href":"https:\/\/www.centromedicocatalunya.com\/ca\/wp-json\/wp\/v2\/pages\/2292\/revisions"}],"predecessor-version":[{"id":2293,"href":"https:\/\/www.centromedicocatalunya.com\/ca\/wp-json\/wp\/v2\/pages\/2292\/revisions\/2293"}],"wp:attachment":[{"href":"https:\/\/www.centromedicocatalunya.com\/ca\/wp-json\/wp\/v2\/media?parent=2292"}],"wp:term":[{"taxonomy":"post_tag","embeddable":true,"href":"https:\/\/www.centromedicocatalunya.com\/ca\/wp-json\/wp\/v2\/tags?post=2292"}],"curies":[{"name":"wp","href":"https:\/\/api.w.org\/{rel}","templated":true}]}}